{"id":1322,"date":"2025-10-01T18:00:25","date_gmt":"2025-10-01T18:00:25","guid":{"rendered":"https:\/\/www.futbolin-ac.com\/?page_id=1322"},"modified":"2025-10-01T18:00:26","modified_gmt":"2025-10-01T18:00:26","slug":"conocenos-2","status":"publish","type":"page","link":"https:\/\/www.futbolin-ac.com\/en\/conocenos-2\/","title":{"rendered":"Con\u00f3cenos"},"content":{"rendered":"<div class=\"wpb-content-wrapper\">[vc_row full_width=&#8221;stretch_row_content_no_spaces&#8221; css=&#8221;.vc_custom_1748455718766{background: #E8E7E7 url(https:\/\/www.futbolin-ac.com\/wp-content\/uploads\/2025\/05\/fondoalquila.png?id=516) !important;background-position: center !important;background-repeat: no-repeat !important;background-size: cover !important;}&#8221;][vc_column width=&#8221;1\/12&#8243;][\/vc_column][vc_column width=&#8221;10\/12&#8243; css=&#8221;.vc_custom_1748455514688{background-position: center !important;background-repeat: no-repeat !important;background-size: contain !important;}&#8221;][vc_empty_space height=&#8221;200px&#8221;][vc_row_inner content_placement=&#8221;bottom&#8221;][vc_column_inner width=&#8221;1\/6&#8243;][\/vc_column_inner][vc_column_inner width=&#8221;2\/3&#8243; css=&#8221;.vc_custom_1748369983476{padding-top: 5% !important;padding-right: 5% !important;padding-bottom: 5% !important;padding-left: 5% !important;background-color: #FFFFFF96 !important;border-radius: 20px !important;}&#8221;][vc_column_text css=&#8221;&#8221; text_align=&#8221;center&#8221; color=&#8221;#000000&#8243; font_size=&#8221;56&#8243; font_family=&#8221;Sora&#8221; line_height=&#8221;tight&#8221; font_weight=&#8221;500&#8243; letter_spacing=&#8221;-1px&#8221;]<img decoding=\"async\" class=\"aligncenter wp-image-289\" src=\"https:\/\/www.futbolin-ac.com\/wp-content\/uploads\/2025\/05\/ac-futbolin-icono-green.png\" alt=\"\" width=\"60\" height=\"46\" \/>Creadores de experiencias[\/vc_column_text][vc_empty_space height=&#8221;10px&#8221;][vc_column_text css=&#8221;.vc_custom_1748456062401{padding-right: 15% !important;padding-left: 15% !important;}&#8221; text_align=&#8221;center&#8221; color=&#8221;#000000&#8243; font_size=&#8221;24&#8243; font_family=&#8221;Questrial&#8221; line_height=&#8221;tight&#8221; font_weight=&#8221;800&#8243;]En AC Ideas creemos en el valor del trabajo bien hecho. Por eso dise\u00f1amos y fabricamos futbolines que combinan precisi\u00f3n, durabilidad y dise\u00f1o. Detr\u00e1s de cada pieza hay una historia de oficio, de superaci\u00f3n y de amor por los detalles.[\/vc_column_text][vc_empty_space height=&#8221;20px&#8221;][\/vc_column_inner][vc_column_inner width=&#8221;1\/6&#8243;][\/vc_column_inner][\/vc_row_inner][\/vc_column][vc_column width=&#8221;1\/12&#8243;][\/vc_column][\/vc_row][vc_row full_width=&#8221;stretch_row_content_no_spaces&#8221; css=&#8221;.vc_custom_1748457653345{background-color: #42BE72 !important;}&#8221;][vc_column][\/vc_column][\/vc_row][vc_row full_width=&#8221;stretch_row_content_no_spaces&#8221; content_placement=&#8221;middle&#8221;][vc_column width=&#8221;1\/4&#8243;][\/vc_column][vc_column width=&#8221;1\/2&#8243;][vc_empty_space height=&#8221;50px&#8221;][vc_column_text css=&#8221;&#8221; text_align=&#8221;center&#8221; color=&#8221;#000000&#8243; font_size=&#8221;36&#8243; font_family=&#8221;Sora&#8221; line_height=&#8221;38px&#8221; font_weight=&#8221;500&#8243; letter_spacing=&#8221;-1px&#8221;]<img decoding=\"async\" class=\"wp-image-586 aligncenter\" src=\"https:\/\/www.futbolin-ac.com\/wp-content\/uploads\/2025\/05\/10758956_team_member_icon.png\" alt=\"\" width=\"60\" height=\"60\" \/>Nuestra historia[\/vc_column_text][vc_empty_space height=&#8221;20px&#8221;][vc_column_text css=&#8221;.vc_custom_1748457226418{padding-right: 10% !important;padding-left: 10% !important;}&#8221; text_align=&#8221;center&#8221; color=&#8221;#000000&#8243; font_size=&#8221;18&#8243; font_family=&#8221;Questrial&#8221; line_height=&#8221;26px&#8221; font_weight=&#8221;800&#8243;]\n<p data-start=\"584\" data-end=\"789\">Todo empez\u00f3 un 2 de enero de 1988, cuando \u00c1ngel Escribano, nuestro fundador, se adentr\u00f3 en el mundo del metal. Desde entonces, su obsesi\u00f3n ha sido crear objetos \u00fanicos: s\u00f3lidos, funcionales y con car\u00e1cter.<\/p>\n<p data-start=\"791\" data-end=\"1071\">Tras a\u00f1os trabajando en el dise\u00f1o de prototipos y estructuras met\u00e1licas, decidi\u00f3 montar su propio taller. All\u00ed naci\u00f3 una forma de entender la fabricaci\u00f3n que hoy se mantiene intacta: hacer las cosas bien, desde el principio, y rodearse de un equipo comprometido con la excelencia.<\/p>\n<p data-start=\"1073\" data-end=\"1208\">En 2023, ese camino llev\u00f3 a \u00c1ngel a dar vida a su proyecto m\u00e1s personal: crear el mejor futbol\u00edn del mundo. Y as\u00ed naci\u00f3 el Futbol\u00edn AC.<\/p>\n[\/vc_column_text][vc_empty_space height=&#8221;20px&#8221;][vc_row_inner][vc_column_inner width=&#8221;1\/6&#8243;][\/vc_column_inner][vc_column_inner width=&#8221;2\/3&#8243;][\/vc_column_inner][vc_column_inner width=&#8221;1\/6&#8243;][\/vc_column_inner][\/vc_row_inner][\/vc_column][vc_column width=&#8221;1\/4&#8243;][\/vc_column][\/vc_row][vc_row full_width=&#8221;stretch_row_content_no_spaces&#8221; content_placement=&#8221;middle&#8221; css=&#8221;.vc_custom_1748458417663{margin-top: -30px !important;background-color: #42BE72 !important;}&#8221;][vc_column][vc_empty_space height=&#8221;50px&#8221;][vc_column_text css=&#8221;.vc_custom_1748460266397{padding-right: 5% !important;padding-left: 5% !important;}&#8221; text_align=&#8221;center&#8221; color=&#8221;#000000&#8243; font_size=&#8221;40&#8243; font_family=&#8221;Sora&#8221; line_height=&#8221;42px&#8221; font_weight=&#8221;500&#8243; letter_spacing=&#8221;-1px&#8221;]<img decoding=\"async\" class=\"alignnone wp-image-277\" src=\"https:\/\/www.futbolin-ac.com\/wp-content\/uploads\/2025\/05\/ac-futbolin-icono-black.png\" alt=\"\" width=\"60\" height=\"46\" \/><\/p>\n<p><strong>AC Ideas<\/strong><br \/>\nDonde el dise\u00f1o y la tradici\u00f3n se dan la mano[\/vc_column_text][vc_empty_space height=&#8221;50px&#8221;][vc_row_inner][vc_column_inner width=&#8221;1\/3&#8243;][vc_empty_space height=&#8221;50px&#8221;][vc_column_text css=&#8221;.vc_custom_1748458866171{padding-right: 5% !important;}&#8221; text_align=&#8221;right&#8221; color=&#8221;#000000&#8243; font_size=&#8221;28&#8243; font_family=&#8221;Sora&#8221; line_height=&#8221;tight&#8221; font_weight=&#8221;500&#8243; letter_spacing=&#8221;-1px&#8221;]Qu\u00e9 nos mueve[\/vc_column_text][vc_empty_space height=&#8221;20px&#8221;][vc_column_text css=&#8221;.vc_custom_1748458877205{padding-right: 5% !important;padding-left: 25% !important;}&#8221; text_align=&#8221;right&#8221; color=&#8221;#000000&#8243; font_size=&#8221;18&#8243; font_family=&#8221;Questrial&#8221; line_height=&#8221;26px&#8221; font_weight=&#8221;800&#8243;]\n<p data-start=\"1238\" data-end=\"1445\">No fabricamos en serie. No seguimos modas. Creamos piezas pensadas para durar toda la vida, fabricadas en acero inoxidable de alta resistencia, con un dise\u00f1o limpio y materiales seleccionados al mil\u00edmetro. Porque un futbol\u00edn no es solo un juego: puede ser un s\u00edmbolo, un recuerdo, un punto de encuentro.<\/p>\n[\/vc_column_text][\/vc_column_inner][vc_column_inner width=&#8221;1\/3&#8243;]<div class=\"vcex-video wpex-bg-black\" data-vcex-video-type=\"video_tag\"><div class=\"vcex-video-inner wpex-relative\"><video src=\"https:\/\/www.futbolin-ac.com\/wp-content\/uploads\/2025\/05\/AC-Futbolin_low.mp4\" class=\"wpex-w-100 wpex-aspect-16-9 wpex-align-middle wpex-object-cover wpex-invisible wpex-w-100\" controls controlslist=\"nodownload\"><\/video><div class=\"vcex-video-overlay wpex-block wpex-absolute wpex-inset-0 wpex-cursor-pointer overlay-parent\"><img src=\"https:\/\/www.futbolin-ac.com\/wp-content\/uploads\/2025\/05\/video.jpg\" loading=\"lazy\" decoding=\"async\" class=\"wpex-bg-black wpex-h-100 wpex-w-100 wpex-object-cover\" alt=\"\"><\/div><\/div><\/div>[vc_empty_space height=&#8221;10px&#8221;][vc_column_text css=&#8221;&#8221; text_align=&#8221;left&#8221; color=&#8221;#000000&#8243; font_family=&#8221;Questrial&#8221; line_height=&#8221;tight&#8221; font_weight=&#8221;800&#8243;]\n<p data-start=\"584\" data-end=\"789\">La Sexta Noticias. 18\/08\/2024<\/p>\n[\/vc_column_text][\/vc_column_inner][vc_column_inner width=&#8221;1\/3&#8243;][vc_empty_space height=&#8221;50px&#8221;][vc_column_text css=&#8221;.vc_custom_1748458884849{padding-left: 5% !important;}&#8221; text_align=&#8221;left&#8221; color=&#8221;#000000&#8243; font_size=&#8221;28&#8243; font_family=&#8221;Sora&#8221; line_height=&#8221;tight&#8221; font_weight=&#8221;500&#8243; letter_spacing=&#8221;-1px&#8221;]Un futbol\u00edn con alma[\/vc_column_text][vc_empty_space height=&#8221;20px&#8221;][vc_column_text css=&#8221;.vc_custom_1748458896516{padding-right: 25% !important;padding-left: 5% !important;}&#8221; text_align=&#8221;left&#8221; color=&#8221;#000000&#8243; font_size=&#8221;18&#8243; font_family=&#8221;Questrial&#8221; line_height=&#8221;26px&#8221; font_weight=&#8221;800&#8243;]\n<p data-start=\"1581\" data-end=\"1756\">Cada detalle cuenta. Desde los jugadores pintados a mano hasta la posibilidad de grabar tu logo o tus iniciales en las patas. Cada futbol\u00edn AC es \u00fanico, como quien lo encarga. Queremos que el tuyo tambi\u00e9n lo sea.<\/p>\n[\/vc_column_text][\/vc_column_inner][\/vc_row_inner][\/vc_column][\/vc_row][vc_row full_width=&#8221;stretch_row_content_no_spaces&#8221; equal_height=&#8221;yes&#8221;][vc_column width=&#8221;1\/2&#8243;][vc_empty_space height=&#8221;100px&#8221;][vc_single_image image=&#8221;1013&#8243; css=&#8221;&#8221;][\/vc_column][vc_column width=&#8221;1\/2&#8243;][vc_empty_space height=&#8221;100px&#8221;][vc_column_text css=&#8221;.vc_custom_1748460066975{padding-right: 20% !important;padding-left: 5% !important;}&#8221; text_align=&#8221;left&#8221; color=&#8221;#000000&#8243; font_size=&#8221;36&#8243; font_family=&#8221;Sora&#8221; line_height=&#8221;tight&#8221; font_weight=&#8221;500&#8243; letter_spacing=&#8221;-1px&#8221;]<img decoding=\"async\" class=\"alignnone wp-image-277\" src=\"https:\/\/www.futbolin-ac.com\/wp-content\/uploads\/2025\/05\/ac-futbolin-icono-black.png\" alt=\"\" width=\"60\" height=\"46\" \/><br \/>\nDescubre en persona lo que hace \u00fanico a un Futbol\u00edn AC[\/vc_column_text][vc_empty_space height=&#8221;20px&#8221;][vc_column_text css=&#8221;.vc_custom_1753681450448{padding-right: 25% !important;padding-left: 5% !important;}&#8221; text_align=&#8221;left&#8221; color=&#8221;#000000&#8243; font_size=&#8221;18&#8243; font_family=&#8221;Questrial&#8221; line_height=&#8221;26px&#8221; font_weight=&#8221;800&#8243;]Te esperamos en PIPUS Barcelona, justo enfrente del Camp Nou. Toca los materiales, prueba la jugabilidad y entiende por qu\u00e9 nuestros futbolines no se parecen a ning\u00fan otro.<\/p>\n<p>&nbsp;<\/p>\n<p><span style=\"font-size: 21px;\">PIPUS<\/span><br \/>\nCarrer d&#8217;Ar\u00edstides Maillol, 21,<br \/>\nLes Corts, 08028 Barcelona[\/vc_column_text][vc_empty_space height=&#8221;50px&#8221;][vc_gmaps link=&#8221;#E-8_JTNDaWZyYW1lJTIwc3JjJTNEJTIyaHR0cHMlM0ElMkYlMkZ3d3cuZ29vZ2xlLmNvbSUyRm1hcHMlMkZlbWJlZCUzRnBiJTNEJTIxMW0xOCUyMTFtMTIlMjExbTMlMjExZDU5ODcuNTU3ODk5ODkxNTklMjEyZDIuMTE2MjQ5Njc2NjgxMTAwOCUyMTNkNDEuMzc4ODg3MDk2NTIxMzklMjEybTMlMjExZjAlMjEyZjAlMjEzZjAlMjEzbTIlMjExaTEwMjQlMjEyaTc2OCUyMTRmMTMuMSUyMTNtMyUyMTFtMiUyMTFzMHgxMmE0OThmNmYzZWFlZDY1JTI1M0EweDU1MmM3ZjU3MGIzNjY4OWYlMjEyc1BpcHVzJTIxNWUwJTIxM20yJTIxMXNlcyUyMTJzZXMlMjE0djE3NTM2ODE0ODEzMDklMjE1bTIlMjExc2VzJTIxMnNlcyUyMiUyMHdpZHRoJTNEJTIyNjAwJTIyJTIwaGVpZ2h0JTNEJTIyNDUwJTIyJTIwc3R5bGUlM0QlMjJib3JkZXIlM0EwJTNCJTIyJTIwYWxsb3dmdWxsc2NyZWVuJTNEJTIyJTIyJTIwbG9hZGluZyUzRCUyMmxhenklMjIlMjByZWZlcnJlcnBvbGljeSUzRCUyMm5vLXJlZmVycmVyLXdoZW4tZG93bmdyYWRlJTIyJTNFJTNDJTJGaWZyYW1lJTNF&#8221; css=&#8221;&#8221;][\/vc_column][\/vc_row][vc_row full_width=&#8221;stretch_row_content_no_spaces&#8221; content_placement=&#8221;middle&#8221; css=&#8221;.vc_custom_1748459541708{background-color: #000000 !important;}&#8221;][vc_column width=&#8221;1\/4&#8243;][\/vc_column][vc_column width=&#8221;1\/2&#8243;][vc_empty_space height=&#8221;40px&#8221;][vc_column_text css=&#8221;&#8221;]<img decoding=\"async\" class=\"wp-image-435 aligncenter\" src=\"https:\/\/www.futbolin-ac.com\/wp-content\/uploads\/2025\/05\/ac-futbolin-icono-white.png\" alt=\"\" width=\"60\" height=\"46\" \/>[\/vc_column_text][vc_empty_space height=&#8221;30px&#8221;][vc_column_text css=&#8221;.vc_custom_1748424282361{padding-right: 10% !important;padding-left: 10% !important;}&#8221; text_align=&#8221;center&#8221; color=&#8221;#ffffff&#8221; font_size=&#8221;36&#8243; font_family=&#8221;Sora&#8221; line_height=&#8221;38px&#8221; font_weight=&#8221;500&#8243; letter_spacing=&#8221;-1px&#8221;]\u00bfQuieres tu propio Futbol\u00edn AC?[\/vc_column_text][vc_empty_space height=&#8221;20px&#8221;][vc_column_text css=&#8221;.vc_custom_1748424474834{padding-right: 20% !important;padding-left: 20% !important;}&#8221; text_align=&#8221;center&#8221; color=&#8221;#fefefe&#8221; font_size=&#8221;24&#8243; font_family=&#8221;Questrial&#8221; line_height=&#8221;tight&#8221; font_weight=&#8221;800&#8243;]Tanto si quieres comprarlo para tu negocio, personalizarlo para tu hogar o alquilarlo sin inversi\u00f3n inicial, estaremos encantados de ayudarte a encontrar la opci\u00f3n que mejor se adapte a ti[\/vc_column_text][vc_empty_space height=&#8221;30px&#8221;][vc_btn title=&#8221;Quiero mi Futbol\u00edn AC&#8221; style=&#8221;outline&#8221; color=&#8221;white&#8221; size=&#8221;lg&#8221; align=&#8221;center&#8221; css=&#8221;&#8221; link=&#8221;url:https%3A%2F%2Fwww.futbolin-ac.com%2Fen%2Fcontacto%2F|&#8221;][vc_empty_space height=&#8221;20px&#8221;][vc_column_text css=&#8221;.vc_custom_1748424673422{padding-right: 20% !important;padding-left: 20% !important;}&#8221; text_align=&#8221;center&#8221; color=&#8221;#fefefe&#8221; font_size=&#8221;24&#8243; font_family=&#8221;Questrial&#8221; line_height=&#8221;tight&#8221; font_weight=&#8221;800&#8243;]Ponte en contacto con nosotros y da el primer paso para tener un futbol\u00edn \u00fanico[\/vc_column_text][vc_empty_space height=&#8221;40px&#8221;][\/vc_column][vc_column width=&#8221;1\/4&#8243;][\/vc_column][\/vc_row]\n<\/div>","protected":false},"excerpt":{"rendered":"<p>[vc_row full_width=&#8221;stretch_row_content_no_spaces&#8221; css=&#8221;.vc_custom_1748455718766{background: #E8E7E7 url(https:\/\/www.futbolin-ac.com\/wp-content\/uploads\/2025\/05\/fondoalquila.png?id=516) !important;background-position: center !important;background-repeat: no-repeat !important;background-size: cover !important;}&#8221;][vc_column width=&#8221;1\/12&#8243;][\/vc_column][vc_column width=&#8221;10\/12&#8243; css=&#8221;.vc_custom_1748455514688{background-position: center !important;background-repeat: no-repeat !important;background-size: contain !important;}&#8221;][vc_empty_space height=&#8221;200px&#8221;][vc_row_inner content_placement=&#8221;bottom&#8221;][vc_column_inner width=&#8221;1\/6&#8243;][\/vc_column_inner][vc_column_inner width=&#8221;2\/3&#8243; css=&#8221;.vc_custom_1748369983476{padding-top: 5% !important;padding-right: 5% !important;padding-bottom: 5% !important;padding-left: 5% !important;background-color: #FFFFFF96 !important;border-radius: 20px !important;}&#8221;][vc_column_text css=&#8221;&#8221; text_align=&#8221;center&#8221; color=&#8221;#000000&#8243; font_size=&#8221;56&#8243; font_family=&#8221;Sora&#8221; line_height=&#8221;tight&#8221; font_weight=&#8221;500&#8243; letter_spacing=&#8221;-1px&#8221;]Creadores de experiencias[\/vc_column_text][vc_empty_space height=&#8221;10px&#8221;][vc_column_text css=&#8221;.vc_custom_1748456062401{padding-right: 15% !important;padding-left: 15% !important;}&#8221; text_align=&#8221;center&#8221;&hellip;<\/p>\n","protected":false},"author":2,"featured_media":0,"parent":0,"menu_order":0,"comment_status":"closed","ping_status":"closed","template":"","meta":{"footnotes":""},"class_list":["post-1322","page","type-page","status-publish","hentry","entry","no-media"],"yoast_head":"<!-- This site is optimized with the Yoast SEO plugin v26.0 - https:\/\/yoast.com\/wordpress\/plugins\/seo\/ -->\n<title>Con\u00f3cenos - Futbol\u00edn AC<\/title>\n<meta name=\"robots\" content=\"index, follow, max-snippet:-1, max-image-preview:large, max-video-preview:-1\" \/>\n<link rel=\"canonical\" href=\"https:\/\/www.futbolin-ac.com\/en\/conocenos-2\/\" \/>\n<meta property=\"og:locale\" content=\"en_US\" \/>\n<meta property=\"og:type\" content=\"article\" \/>\n<meta property=\"og:title\" content=\"Con\u00f3cenos - Futbol\u00edn AC\" \/>\n<meta property=\"og:description\" content=\"[vc_row full_width=&#8221;stretch_row_content_no_spaces&#8221; css=&#8221;.vc_custom_1748455718766{background: #E8E7E7 url(https:\/\/www.futbolin-ac.com\/wp-content\/uploads\/2025\/05\/fondoalquila.png?id=516) !important;background-position: center !important;background-repeat: no-repeat !important;background-size: cover !important;}&#8221;][vc_column width=&#8221;1\/12&#8243;][\/vc_column][vc_column width=&#8221;10\/12&#8243; css=&#8221;.vc_custom_1748455514688{background-position: center !important;background-repeat: no-repeat !important;background-size: contain !important;}&#8221;][vc_empty_space height=&#8221;200px&#8221;][vc_row_inner content_placement=&#8221;bottom&#8221;][vc_column_inner width=&#8221;1\/6&#8243;][\/vc_column_inner][vc_column_inner width=&#8221;2\/3&#8243; css=&#8221;.vc_custom_1748369983476{padding-top: 5% !important;padding-right: 5% !important;padding-bottom: 5% !important;padding-left: 5% !important;background-color: #FFFFFF96 !important;border-radius: 20px !important;}&#8221;][vc_column_text css=&#8221;&#8221; text_align=&#8221;center&#8221; color=&#8221;#000000&#8243; font_size=&#8221;56&#8243; font_family=&#8221;Sora&#8221; line_height=&#8221;tight&#8221; font_weight=&#8221;500&#8243; letter_spacing=&#8221;-1px&#8221;]Creadores de experiencias[\/vc_column_text][vc_empty_space height=&#8221;10px&#8221;][vc_column_text css=&#8221;.vc_custom_1748456062401{padding-right: 15% !important;padding-left: 15% !important;}&#8221; text_align=&#8221;center&#8221;&hellip;\" \/>\n<meta property=\"og:url\" content=\"https:\/\/www.futbolin-ac.com\/en\/conocenos-2\/\" \/>\n<meta property=\"og:site_name\" content=\"Futbol\u00edn AC\" \/>\n<meta property=\"article:modified_time\" content=\"2025-10-01T18:00:26+00:00\" \/>\n<meta property=\"og:image\" content=\"https:\/\/www.futbolin-ac.com\/wp-content\/uploads\/2025\/05\/ac-futbolin-icono-green.png\" \/>\n\t<meta property=\"og:image:width\" content=\"164\" \/>\n\t<meta property=\"og:image:height\" content=\"125\" \/>\n\t<meta property=\"og:image:type\" content=\"image\/png\" \/>\n<meta name=\"twitter:card\" content=\"summary_large_image\" \/>\n<meta name=\"twitter:label1\" content=\"Est. reading time\" \/>\n\t<meta name=\"twitter:data1\" content=\"5 minutes\" \/>\n<script type=\"application\/ld+json\" class=\"yoast-schema-graph\">{\"@context\":\"https:\/\/schema.org\",\"@graph\":[{\"@type\":\"WebPage\",\"@id\":\"https:\/\/www.futbolin-ac.com\/en\/conocenos-2\/\",\"url\":\"https:\/\/www.futbolin-ac.com\/en\/conocenos-2\/\",\"name\":\"Con\u00f3cenos - Futbol\u00edn AC\",\"isPartOf\":{\"@id\":\"https:\/\/www.futbolin-ac.com\/#website\"},\"primaryImageOfPage\":{\"@id\":\"https:\/\/www.futbolin-ac.com\/en\/conocenos-2\/#primaryimage\"},\"image\":{\"@id\":\"https:\/\/www.futbolin-ac.com\/en\/conocenos-2\/#primaryimage\"},\"thumbnailUrl\":\"https:\/\/www.futbolin-ac.com\/wp-content\/uploads\/2025\/05\/ac-futbolin-icono-green.png\",\"datePublished\":\"2025-10-01T18:00:25+00:00\",\"dateModified\":\"2025-10-01T18:00:26+00:00\",\"breadcrumb\":{\"@id\":\"https:\/\/www.futbolin-ac.com\/en\/conocenos-2\/#breadcrumb\"},\"inLanguage\":\"en-US\",\"potentialAction\":[{\"@type\":\"ReadAction\",\"target\":[\"https:\/\/www.futbolin-ac.com\/en\/conocenos-2\/\"]}]},{\"@type\":\"ImageObject\",\"inLanguage\":\"en-US\",\"@id\":\"https:\/\/www.futbolin-ac.com\/en\/conocenos-2\/#primaryimage\",\"url\":\"https:\/\/www.futbolin-ac.com\/wp-content\/uploads\/2025\/05\/ac-futbolin-icono-green.png\",\"contentUrl\":\"https:\/\/www.futbolin-ac.com\/wp-content\/uploads\/2025\/05\/ac-futbolin-icono-green.png\"},{\"@type\":\"BreadcrumbList\",\"@id\":\"https:\/\/www.futbolin-ac.com\/en\/conocenos-2\/#breadcrumb\",\"itemListElement\":[{\"@type\":\"ListItem\",\"position\":1,\"name\":\"Home\",\"item\":\"https:\/\/www.futbolin-ac.com\/en\/home\/\"},{\"@type\":\"ListItem\",\"position\":2,\"name\":\"Con\u00f3cenos\"}]},{\"@type\":\"WebSite\",\"@id\":\"https:\/\/www.futbolin-ac.com\/#website\",\"url\":\"https:\/\/www.futbolin-ac.com\/\",\"name\":\"Futbol\u00edn AC\",\"description\":\"Cetrex new project\",\"publisher\":{\"@id\":\"https:\/\/www.futbolin-ac.com\/#organization\"},\"potentialAction\":[{\"@type\":\"SearchAction\",\"target\":{\"@type\":\"EntryPoint\",\"urlTemplate\":\"https:\/\/www.futbolin-ac.com\/?s={search_term_string}\"},\"query-input\":{\"@type\":\"PropertyValueSpecification\",\"valueRequired\":true,\"valueName\":\"search_term_string\"}}],\"inLanguage\":\"en-US\"},{\"@type\":\"Organization\",\"@id\":\"https:\/\/www.futbolin-ac.com\/#organization\",\"name\":\"Futbol\u00edn AC\",\"url\":\"https:\/\/www.futbolin-ac.com\/\",\"logo\":{\"@type\":\"ImageObject\",\"inLanguage\":\"en-US\",\"@id\":\"https:\/\/www.futbolin-ac.com\/#\/schema\/logo\/image\/\",\"url\":\"https:\/\/www.futbolin-ac.com\/wp-content\/uploads\/2025\/05\/logo-2.png\",\"contentUrl\":\"https:\/\/www.futbolin-ac.com\/wp-content\/uploads\/2025\/05\/logo-2.png\",\"width\":778,\"height\":224,\"caption\":\"Futbol\u00edn AC\"},\"image\":{\"@id\":\"https:\/\/www.futbolin-ac.com\/#\/schema\/logo\/image\/\"}}]}<\/script>\n<!-- \/ Yoast SEO plugin. -->","yoast_head_json":{"title":"Con\u00f3cenos - Futbol\u00edn AC","robots":{"index":"index","follow":"follow","max-snippet":"max-snippet:-1","max-image-preview":"max-image-preview:large","max-video-preview":"max-video-preview:-1"},"canonical":"https:\/\/www.futbolin-ac.com\/en\/conocenos-2\/","og_locale":"en_US","og_type":"article","og_title":"Con\u00f3cenos - Futbol\u00edn AC","og_description":"[vc_row full_width=&#8221;stretch_row_content_no_spaces&#8221; css=&#8221;.vc_custom_1748455718766{background: #E8E7E7 url(https:\/\/www.futbolin-ac.com\/wp-content\/uploads\/2025\/05\/fondoalquila.png?id=516) !important;background-position: center !important;background-repeat: no-repeat !important;background-size: cover !important;}&#8221;][vc_column width=&#8221;1\/12&#8243;][\/vc_column][vc_column width=&#8221;10\/12&#8243; css=&#8221;.vc_custom_1748455514688{background-position: center !important;background-repeat: no-repeat !important;background-size: contain !important;}&#8221;][vc_empty_space height=&#8221;200px&#8221;][vc_row_inner content_placement=&#8221;bottom&#8221;][vc_column_inner width=&#8221;1\/6&#8243;][\/vc_column_inner][vc_column_inner width=&#8221;2\/3&#8243; css=&#8221;.vc_custom_1748369983476{padding-top: 5% !important;padding-right: 5% !important;padding-bottom: 5% !important;padding-left: 5% !important;background-color: #FFFFFF96 !important;border-radius: 20px !important;}&#8221;][vc_column_text css=&#8221;&#8221; text_align=&#8221;center&#8221; color=&#8221;#000000&#8243; font_size=&#8221;56&#8243; font_family=&#8221;Sora&#8221; line_height=&#8221;tight&#8221; font_weight=&#8221;500&#8243; letter_spacing=&#8221;-1px&#8221;]Creadores de experiencias[\/vc_column_text][vc_empty_space height=&#8221;10px&#8221;][vc_column_text css=&#8221;.vc_custom_1748456062401{padding-right: 15% !important;padding-left: 15% !important;}&#8221; text_align=&#8221;center&#8221;&hellip;","og_url":"https:\/\/www.futbolin-ac.com\/en\/conocenos-2\/","og_site_name":"Futbol\u00edn AC","article_modified_time":"2025-10-01T18:00:26+00:00","og_image":[{"width":164,"height":125,"url":"https:\/\/www.futbolin-ac.com\/wp-content\/uploads\/2025\/05\/ac-futbolin-icono-green.png","type":"image\/png"}],"twitter_card":"summary_large_image","twitter_misc":{"Est. reading time":"5 minutes"},"schema":{"@context":"https:\/\/schema.org","@graph":[{"@type":"WebPage","@id":"https:\/\/www.futbolin-ac.com\/en\/conocenos-2\/","url":"https:\/\/www.futbolin-ac.com\/en\/conocenos-2\/","name":"Con\u00f3cenos - Futbol\u00edn AC","isPartOf":{"@id":"https:\/\/www.futbolin-ac.com\/#website"},"primaryImageOfPage":{"@id":"https:\/\/www.futbolin-ac.com\/en\/conocenos-2\/#primaryimage"},"image":{"@id":"https:\/\/www.futbolin-ac.com\/en\/conocenos-2\/#primaryimage"},"thumbnailUrl":"https:\/\/www.futbolin-ac.com\/wp-content\/uploads\/2025\/05\/ac-futbolin-icono-green.png","datePublished":"2025-10-01T18:00:25+00:00","dateModified":"2025-10-01T18:00:26+00:00","breadcrumb":{"@id":"https:\/\/www.futbolin-ac.com\/en\/conocenos-2\/#breadcrumb"},"inLanguage":"en-US","potentialAction":[{"@type":"ReadAction","target":["https:\/\/www.futbolin-ac.com\/en\/conocenos-2\/"]}]},{"@type":"ImageObject","inLanguage":"en-US","@id":"https:\/\/www.futbolin-ac.com\/en\/conocenos-2\/#primaryimage","url":"https:\/\/www.futbolin-ac.com\/wp-content\/uploads\/2025\/05\/ac-futbolin-icono-green.png","contentUrl":"https:\/\/www.futbolin-ac.com\/wp-content\/uploads\/2025\/05\/ac-futbolin-icono-green.png"},{"@type":"BreadcrumbList","@id":"https:\/\/www.futbolin-ac.com\/en\/conocenos-2\/#breadcrumb","itemListElement":[{"@type":"ListItem","position":1,"name":"Home","item":"https:\/\/www.futbolin-ac.com\/en\/home\/"},{"@type":"ListItem","position":2,"name":"Con\u00f3cenos"}]},{"@type":"WebSite","@id":"https:\/\/www.futbolin-ac.com\/#website","url":"https:\/\/www.futbolin-ac.com\/","name":"Futbol\u00edn AC","description":"Cetrex new project","publisher":{"@id":"https:\/\/www.futbolin-ac.com\/#organization"},"potentialAction":[{"@type":"SearchAction","target":{"@type":"EntryPoint","urlTemplate":"https:\/\/www.futbolin-ac.com\/?s={search_term_string}"},"query-input":{"@type":"PropertyValueSpecification","valueRequired":true,"valueName":"search_term_string"}}],"inLanguage":"en-US"},{"@type":"Organization","@id":"https:\/\/www.futbolin-ac.com\/#organization","name":"Futbol\u00edn AC","url":"https:\/\/www.futbolin-ac.com\/","logo":{"@type":"ImageObject","inLanguage":"en-US","@id":"https:\/\/www.futbolin-ac.com\/#\/schema\/logo\/image\/","url":"https:\/\/www.futbolin-ac.com\/wp-content\/uploads\/2025\/05\/logo-2.png","contentUrl":"https:\/\/www.futbolin-ac.com\/wp-content\/uploads\/2025\/05\/logo-2.png","width":778,"height":224,"caption":"Futbol\u00edn AC"},"image":{"@id":"https:\/\/www.futbolin-ac.com\/#\/schema\/logo\/image\/"}}]}},"_links":{"self":[{"href":"https:\/\/www.futbolin-ac.com\/en\/wp-json\/wp\/v2\/pages\/1322","targetHints":{"allow":["GET"]}}],"collection":[{"href":"https:\/\/www.futbolin-ac.com\/en\/wp-json\/wp\/v2\/pages"}],"about":[{"href":"https:\/\/www.futbolin-ac.com\/en\/wp-json\/wp\/v2\/types\/page"}],"author":[{"embeddable":true,"href":"https:\/\/www.futbolin-ac.com\/en\/wp-json\/wp\/v2\/users\/2"}],"replies":[{"embeddable":true,"href":"https:\/\/www.futbolin-ac.com\/en\/wp-json\/wp\/v2\/comments?post=1322"}],"version-history":[{"count":2,"href":"https:\/\/www.futbolin-ac.com\/en\/wp-json\/wp\/v2\/pages\/1322\/revisions"}],"predecessor-version":[{"id":1324,"href":"https:\/\/www.futbolin-ac.com\/en\/wp-json\/wp\/v2\/pages\/1322\/revisions\/1324"}],"wp:attachment":[{"href":"https:\/\/www.futbolin-ac.com\/en\/wp-json\/wp\/v2\/media?parent=1322"}],"curies":[{"name":"wp","href":"https:\/\/api.w.org\/{rel}","templated":true}]}}